{"id":99,"date":"2019-11-03T17:59:37","date_gmt":"2019-11-03T16:59:37","guid":{"rendered":"http:\/\/bipspgrzybno.asiis.edu.pl\/?page_id=99"},"modified":"2019-11-03T17:59:38","modified_gmt":"2019-11-03T16:59:38","slug":"instrukcja-obslugi-bip","status":"publish","type":"page","link":"http:\/\/bipspgrzybno.asiis.edu.pl\/index.php\/instrukcja-obslugi-bip\/","title":{"rendered":"Instrukcja obs\u0142ugi BIP"},"content":{"rendered":"\n<h3>Struktura strony<\/h3>\n\n\n\n<h4>Strona Biuletynu dzieli si\u0119 na dwa obszary<\/h4>\n\n\n\n<ol><li>Obszar nag\u0142\u00f3wka zawiera:<ol><li>nazw\u0119 podmiotu udost\u0119pniaj\u0105cego informacje,<\/li><li>logo BIP<br><\/li><\/ol><\/li><li>Obszar menu (z lewej strony) zawiera :<ol><li>Modu\u0142 wyszukuj\u0105cy informacj\u0119 na stronie<\/li><li>Adres strony g\u0142\u00f3wnej Biuletynu Informacji Publicznej, b\u0119d\u0105ce odno\u015bnikiem do strony g\u0142\u00f3wnej Biuletynu Informacji Publicznej (http:\/\/www.bip.gov.pl)<\/li><li>Linki menu jako odno\u015bniki do danych udost\u0119pnianych przez serwis<br><\/li><\/ol><\/li><\/ol>\n\n\n\n<h3>Wyszukiwanie<\/h3>\n\n\n\n<p>Aby wyszuka\u0107 informacje na stronach, nale\u017cy wpisa\u0107 w okno wyszukiwarki (znajduj\u0105cej si\u0119 w lewej cz\u0119\u015bci nad menu) wyraz b\u0105d\u017a fraz\u0119 i zatwierdzi\u0107 klawiszem enter. Wtedy system przeszukuje wszystkie pola. Dlatego te\u017c w wynikach wyszukiwania mo\u017ce pojawi\u0107 si\u0119 wiele pozycji.<br><\/p>\n\n\n\n<h3>Dodatkowe menu<\/h3>\n\n\n\n<p>Serwis zawiera r\u00f3wnie\u017c menu przyklejone do lewej kraw\u0119dzi strony z ikon\u0105 w\u00f3zka inwalidzkiego. Za pomoc\u0105 tego menu mo\u017cemy zmieni\u0107 rozmiar czcionki na stronie jak r\u00f3wnie\u017c kontrast<\/p>\n\n\n\n<h3>Linki poza menu<\/h3>\n\n\n\n<p>S\u0105 to odsy\u0142acze, kt\u00f3re mo\u017cna znale\u017a\u0107 jako podkre\u015blone fragmenty tekstu. Zawieraj\u0105 one informacje umieszczone w plikach do pobrania.<\/p>\n ","protected":false},"excerpt":{"rendered":"<p>Struktura strony Strona Biuletynu dzieli si\u0119 na dwa obszary Obszar nag\u0142\u00f3wka zawiera: nazw\u0119 podmiotu udost\u0119pniaj\u0105cego informacje, logo BIP Obszar menu (z lewej strony) zawiera : Modu\u0142 wyszukuj\u0105cy informacj\u0119 na stronie Adres strony g\u0142\u00f3wnej Biuletynu Informacji Publicznej, b\u0119d\u0105ce odno\u015bnikiem do strony g\u0142\u00f3wnej Biuletynu Informacji Publicznej (http:\/\/www.bip.gov.pl) Linki menu jako odno\u015bniki do danych udost\u0119pnianych przez serwis Wyszukiwanie [&hellip;]<\/p>\n","protected":false},"author":1,"featured_media":0,"parent":0,"menu_order":0,"comment_status":"closed","ping_status":"closed","template":"","meta":[],"_links":{"self":[{"href":"http:\/\/bipspgrzybno.asiis.edu.pl\/index.php\/wp-json\/wp\/v2\/pages\/99"}],"collection":[{"href":"http:\/\/bipspgrzybno.asiis.edu.pl\/index.php\/wp-json\/wp\/v2\/pages"}],"about":[{"href":"http:\/\/bipspgrzybno.asiis.edu.pl\/index.php\/wp-json\/wp\/v2\/types\/page"}],"author":[{"embeddable":true,"href":"http:\/\/bipspgrzybno.asiis.edu.pl\/index.php\/wp-json\/wp\/v2\/users\/1"}],"replies":[{"embeddable":true,"href":"http:\/\/bipspgrzybno.asiis.edu.pl\/index.php\/wp-json\/wp\/v2\/comments?post=99"}],"version-history":[{"count":1,"href":"http:\/\/bipspgrzybno.asiis.edu.pl\/index.php\/wp-json\/wp\/v2\/pages\/99\/revisions"}],"predecessor-version":[{"id":100,"href":"http:\/\/bipspgrzybno.asiis.edu.pl\/index.php\/wp-json\/wp\/v2\/pages\/99\/revisions\/100"}],"wp:attachment":[{"href":"http:\/\/bipspgrzybno.asiis.edu.pl\/index.php\/wp-json\/wp\/v2\/media?parent=99"}],"curies":[{"name":"wp","href":"https:\/\/api.w.org\/{rel}","templated":true}]}}