{"id":44,"date":"2019-10-27T22:29:33","date_gmt":"2019-10-27T21:29:33","guid":{"rendered":"http:\/\/bip.sp2chojna.pl\/?page_id=44"},"modified":"2019-11-03T18:00:48","modified_gmt":"2019-11-03T17:00:48","slug":"mapa-strony","status":"publish","type":"page","link":"http:\/\/bipspgrzybno.asiis.edu.pl\/index.php\/mapa-strony\/","title":{"rendered":"Mapa strony"},"content":{"rendered":"\t\t<div data-elementor-type=\"wp-page\" data-elementor-id=\"44\" class=\"elementor elementor-44\" data-elementor-settings=\"[]\">\n\t\t\t\t\t\t<div class=\"elementor-inner\">\n\t\t\t\t\t\t\t<div class=\"elementor-section-wrap\">\n\t\t\t\t\t\t\t<section class=\"elementor-section elementor-top-section elementor-element elementor-element-b9198e4 elementor-section-boxed elementor-section-height-default elementor-section-height-default\" data-id=\"b9198e4\" data-element_type=\"section\">\n\t\t\t\t\t\t<div class=\"elementor-container elementor-column-gap-default\">\n\t\t\t\t\t\t\t<div class=\"elementor-row\">\n\t\t\t\t\t<div class=\"elementor-column elementor-col-100 elementor-top-column elementor-element elementor-element-2bbc5dd\" data-id=\"2bbc5dd\" data-element_type=\"column\">\n\t\t\t<div class=\"elementor-column-wrap elementor-element-populated\">\n\t\t\t\t\t\t\t<div class=\"elementor-widget-wrap\">\n\t\t\t\t\t\t<div class=\"elementor-element elementor-element-3c56295 elementor-widget elementor-widget-sitemap\" data-id=\"3c56295\" data-element_type=\"widget\" data-widget_type=\"sitemap.default\">\n\t\t\t\t<div class=\"elementor-widget-container\">\n\t\t\t<div class=\"elementor-sitemap-wrap\"><div class=\"elementor-sitemap-section\"><h2 class=\"elementor-sitemap-title elementor-sitemap-page-title\">Strony<\/h2><ul class=\"elementor-sitemap-list elementor-sitemap-page-list\"><li class=\"elementor-sitemap-item elementor-sitemap-item-page page_item page-item-156\"><a href=\"http:\/\/bipspgrzybno.asiis.edu.pl\/index.php\/deklaracja-dostepnosci\/\">Klauzula informacyjna administratora<\/a><\/li><li class=\"elementor-sitemap-item elementor-sitemap-item-page page_item page-item-130\"><a href=\"http:\/\/bipspgrzybno.asiis.edu.pl\/index.php\/dostepnosc-architektoniczna\/\">Dost\u0119pno\u015b\u0107 architektoniczna<\/a><\/li><li class=\"elementor-sitemap-item elementor-sitemap-item-page page_item page-item-99\"><a href=\"http:\/\/bipspgrzybno.asiis.edu.pl\/index.php\/instrukcja-obslugi-bip\/\">Instrukcja obs\u0142ugi BIP<\/a><\/li><li class=\"elementor-sitemap-item elementor-sitemap-item-page page_item page-item-2\"><a href=\"http:\/\/bipspgrzybno.asiis.edu.pl\/index.php\/przykladowa-strona\/\">Przyk\u0142adowa strona<\/a><\/li><li class=\"elementor-sitemap-item elementor-sitemap-item-page page_item page-item-31\"><a href=\"http:\/\/bipspgrzybno.asiis.edu.pl\/index.php\/zamowienia-publiczne-2\/\">Zam\u00f3wienia publiczne<\/a><\/li><li class=\"elementor-sitemap-item elementor-sitemap-item-page page_item page-item-59\"><a href=\"http:\/\/bipspgrzybno.asiis.edu.pl\/index.php\/zamowienia-publiczne\/\">Zam\u00f3wienia publiczne<\/a><\/li><li class=\"elementor-sitemap-item elementor-sitemap-item-page page_item page-item-57\"><a href=\"http:\/\/bipspgrzybno.asiis.edu.pl\/index.php\/dokumenty-szkoly\/\">Dokumenty szko\u0142y<\/a><\/li><li class=\"elementor-sitemap-item elementor-sitemap-item-page page_item page-item-44\"><a href=\"http:\/\/bipspgrzybno.asiis.edu.pl\/index.php\/mapa-strony\/\">Mapa strony<\/a><\/li><li class=\"elementor-sitemap-item elementor-sitemap-item-page page_item page-item-39\"><a href=\"http:\/\/bipspgrzybno.asiis.edu.pl\/index.php\/redakcja-bip\/\">Redakcja BIP<\/a><\/li><li class=\"elementor-sitemap-item elementor-sitemap-item-page page_item page-item-37\"><a href=\"http:\/\/bipspgrzybno.asiis.edu.pl\/index.php\/sprawozdania-finansowe\/\">Sprawozdania finansowe<\/a><\/li><li class=\"elementor-sitemap-item elementor-sitemap-item-page page_item page-item-35\"><a href=\"http:\/\/bipspgrzybno.asiis.edu.pl\/index.php\/zamowienia\/\">Zam\u00f3wienia<\/a><\/li><li class=\"elementor-sitemap-item elementor-sitemap-item-page page_item page-item-28\"><a href=\"http:\/\/bipspgrzybno.asiis.edu.pl\/index.php\/dyrekcja-i-kadra-kierownicza\/\">Dyrekcja i kadra kierownicza<\/a><\/li><li class=\"elementor-sitemap-item elementor-sitemap-item-page page_item page-item-26\"><a href=\"http:\/\/bipspgrzybno.asiis.edu.pl\/\">Strona G\u0142\u00f3wna<\/a><\/li><\/ul><\/div><\/div>\t\t<\/div>\n\t\t\t\t<\/div>\n\t\t\t\t\t\t<\/div>\n\t\t\t\t\t<\/div>\n\t\t<\/div>\n\t\t\t\t\t\t\t\t<\/div>\n\t\t\t\t\t<\/div>\n\t\t<\/section>\n\t\t\t\t\t\t<\/div>\n\t\t\t\t\t\t<\/div>\n\t\t\t\t\t<\/div>\n\t\t ","protected":false},"excerpt":{"rendered":"","protected":false},"author":1,"featured_media":0,"parent":0,"menu_order":0,"comment_status":"closed","ping_status":"closed","template":"","meta":[],"_links":{"self":[{"href":"http:\/\/bipspgrzybno.asiis.edu.pl\/index.php\/wp-json\/wp\/v2\/pages\/44"}],"collection":[{"href":"http:\/\/bipspgrzybno.asiis.edu.pl\/index.php\/wp-json\/wp\/v2\/pages"}],"about":[{"href":"http:\/\/bipspgrzybno.asiis.edu.pl\/index.php\/wp-json\/wp\/v2\/types\/page"}],"author":[{"embeddable":true,"href":"http:\/\/bipspgrzybno.asiis.edu.pl\/index.php\/wp-json\/wp\/v2\/users\/1"}],"replies":[{"embeddable":true,"href":"http:\/\/bipspgrzybno.asiis.edu.pl\/index.php\/wp-json\/wp\/v2\/comments?post=44"}],"version-history":[{"count":2,"href":"http:\/\/bipspgrzybno.asiis.edu.pl\/index.php\/wp-json\/wp\/v2\/pages\/44\/revisions"}],"predecessor-version":[{"id":103,"href":"http:\/\/bipspgrzybno.asiis.edu.pl\/index.php\/wp-json\/wp\/v2\/pages\/44\/revisions\/103"}],"wp:attachment":[{"href":"http:\/\/bipspgrzybno.asiis.edu.pl\/index.php\/wp-json\/wp\/v2\/media?parent=44"}],"curies":[{"name":"wp","href":"https:\/\/api.w.org\/{rel}","templated":true}]}}