{"id":26,"date":"2019-10-27T22:19:47","date_gmt":"2019-10-27T21:19:47","guid":{"rendered":"http:\/\/bip.sp2chojna.pl\/?page_id=26"},"modified":"2021-03-27T00:17:03","modified_gmt":"2021-03-26T23:17:03","slug":"strona-glowna","status":"publish","type":"page","link":"http:\/\/bipspgrzybno.asiis.edu.pl\/","title":{"rendered":"Strona G\u0142\u00f3wna"},"content":{"rendered":"\n<figure class=\"wp-block-table\"><table><tbody><tr><td>E-mail szko\u0142y:<\/td><td><strong>spgrzybno@op.pl<\/strong><\/td><\/tr><tr><td>Telefon:<\/td><td><strong>91-414- 77- 95<\/strong><\/td><\/tr><tr><td>Adres szko\u0142y:<\/td><td><strong>Szko\u0142a Podstawowa<br>im. Marii Konopnickiej<br>Grzybno 23<br>74-500 Chojna<\/strong><\/td><\/tr><tr><td>Dyrektor szko\u0142y:<\/td><td>mgr <strong>Dorota Kowalska<br>tel: 91- 414- 77- 95<\/strong><\/td><\/tr><tr><td>Organ nadzoruj\u0105cy szko\u0142\u0119:<\/td><td><strong>Kuratorium O\u015bwiaty w Szczecinie<br>ul. Wa\u0142y Chrobrego 4<br>70-502 Szczecin<br>tel. 91-442\u201375-00<br>e-mail: kuratorium@kuratorium.szczecin.pl<\/strong><\/td><\/tr><tr><td>Organ prowadz\u0105cy szko\u0142\u0119:<\/td><td><strong>Gmina Chojna<br>Administracja Szk\u00f3\u0142 i Infrastruktury Spo\u0142ecznej<br>ul. Jagiello\u0144ska 12<br>74-500 Chojna<br>tel. 91-414-30-32<\/strong><\/td><\/tr><tr><td>Nazwa szko\u0142y:<\/td><td><strong>Szko\u0142a Podstawowa im. Marii Konopnickiej w Grzybnie<\/strong><\/td><\/tr><tr><td>Dost\u0119pno\u015b\u0107 architektoniczna:<\/td><td>Koordynator do spraw zapewnienia dost\u0119pno\u015bci osobom ze szczeg\u00f3lnymi potrzebami w Szkole Podstawowej im. Marii Konopnickiej w Grzybnie &#8211; <strong><em>Pawe\u0142 Maj<\/em><\/strong><\/td><\/tr><\/tbody><\/table><\/figure>\n\n\n\n<p><\/p>\n ","protected":false},"excerpt":{"rendered":"<p>E-mail szko\u0142y: spgrzybno@op.pl Telefon: 91-414- 77- 95 Adres szko\u0142y: Szko\u0142a Podstawowaim. Marii KonopnickiejGrzybno 2374-500 Chojna Dyrektor szko\u0142y: mgr Dorota Kowalskatel: 91- 414- 77- 95 Organ nadzoruj\u0105cy szko\u0142\u0119: Kuratorium O\u015bwiaty w Szczecinieul. Wa\u0142y Chrobrego 470-502 Szczecintel. 91-442\u201375-00e-mail: kuratorium@kuratorium.szczecin.pl Organ prowadz\u0105cy szko\u0142\u0119: Gmina ChojnaAdministracja Szk\u00f3\u0142 i Infrastruktury Spo\u0142ecznejul. Jagiello\u0144ska 1274-500 Chojnatel. 91-414-30-32 Nazwa szko\u0142y: Szko\u0142a Podstawowa im. [&hellip;]<\/p>\n","protected":false},"author":3,"featured_media":0,"parent":0,"menu_order":0,"comment_status":"closed","ping_status":"closed","template":"","meta":[],"_links":{"self":[{"href":"http:\/\/bipspgrzybno.asiis.edu.pl\/index.php\/wp-json\/wp\/v2\/pages\/26"}],"collection":[{"href":"http:\/\/bipspgrzybno.asiis.edu.pl\/index.php\/wp-json\/wp\/v2\/pages"}],"about":[{"href":"http:\/\/bipspgrzybno.asiis.edu.pl\/index.php\/wp-json\/wp\/v2\/types\/page"}],"author":[{"embeddable":true,"href":"http:\/\/bipspgrzybno.asiis.edu.pl\/index.php\/wp-json\/wp\/v2\/users\/3"}],"replies":[{"embeddable":true,"href":"http:\/\/bipspgrzybno.asiis.edu.pl\/index.php\/wp-json\/wp\/v2\/comments?post=26"}],"version-history":[{"count":8,"href":"http:\/\/bipspgrzybno.asiis.edu.pl\/index.php\/wp-json\/wp\/v2\/pages\/26\/revisions"}],"predecessor-version":[{"id":161,"href":"http:\/\/bipspgrzybno.asiis.edu.pl\/index.php\/wp-json\/wp\/v2\/pages\/26\/revisions\/161"}],"wp:attachment":[{"href":"http:\/\/bipspgrzybno.asiis.edu.pl\/index.php\/wp-json\/wp\/v2\/media?parent=26"}],"curies":[{"name":"wp","href":"https:\/\/api.w.org\/{rel}","templated":true}]}}