{"id":130,"date":"2020-10-13T19:32:04","date_gmt":"2020-10-13T17:32:04","guid":{"rendered":"http:\/\/bipspgrzybno.asiis.edu.pl\/?page_id=130"},"modified":"2021-03-27T00:17:38","modified_gmt":"2021-03-26T23:17:38","slug":"dostepnosc-architektoniczna","status":"publish","type":"page","link":"http:\/\/bipspgrzybno.asiis.edu.pl\/index.php\/dostepnosc-architektoniczna\/","title":{"rendered":"Dost\u0119pno\u015b\u0107 architektoniczna"},"content":{"rendered":"\n<p>Koordynator do spraw zapewnienia dost\u0119pno\u015bci osobom ze szczeg\u00f3lnymi potrzebami w Szkole Podstawowej im. Marii Konopnickiej w Grzybnie &#8211; <em><strong>Pawe\u0142 Maj<\/strong><\/em><\/p>\n ","protected":false},"excerpt":{"rendered":"<p>Koordynator do spraw zapewnienia dost\u0119pno\u015bci osobom ze szczeg\u00f3lnymi potrzebami w Szkole Podstawowej im. Marii Konopnickiej w Grzybnie &#8211; Pawe\u0142 Maj<\/p>\n","protected":false},"author":3,"featured_media":0,"parent":0,"menu_order":0,"comment_status":"closed","ping_status":"closed","template":"","meta":[],"_links":{"self":[{"href":"http:\/\/bipspgrzybno.asiis.edu.pl\/index.php\/wp-json\/wp\/v2\/pages\/130"}],"collection":[{"href":"http:\/\/bipspgrzybno.asiis.edu.pl\/index.php\/wp-json\/wp\/v2\/pages"}],"about":[{"href":"http:\/\/bipspgrzybno.asiis.edu.pl\/index.php\/wp-json\/wp\/v2\/types\/page"}],"author":[{"embeddable":true,"href":"http:\/\/bipspgrzybno.asiis.edu.pl\/index.php\/wp-json\/wp\/v2\/users\/3"}],"replies":[{"embeddable":true,"href":"http:\/\/bipspgrzybno.asiis.edu.pl\/index.php\/wp-json\/wp\/v2\/comments?post=130"}],"version-history":[{"count":2,"href":"http:\/\/bipspgrzybno.asiis.edu.pl\/index.php\/wp-json\/wp\/v2\/pages\/130\/revisions"}],"predecessor-version":[{"id":135,"href":"http:\/\/bipspgrzybno.asiis.edu.pl\/index.php\/wp-json\/wp\/v2\/pages\/130\/revisions\/135"}],"wp:attachment":[{"href":"http:\/\/bipspgrzybno.asiis.edu.pl\/index.php\/wp-json\/wp\/v2\/media?parent=130"}],"curies":[{"name":"wp","href":"https:\/\/api.w.org\/{rel}","templated":true}]}}